{"id":165,"date":"2026-04-07T23:16:25","date_gmt":"2026-04-07T23:16:25","guid":{"rendered":"https:\/\/rehddconsultores.com\/site\/?page_id=165"},"modified":"2026-04-08T20:13:57","modified_gmt":"2026-04-08T20:13:57","slug":"acerca-de","status":"publish","type":"page","link":"https:\/\/rehddconsultores.com\/site\/acerca-de\/","title":{"rendered":"Acerca De"},"content":{"rendered":"\t\t<div data-elementor-type=\"wp-page\" data-elementor-id=\"165\" class=\"elementor elementor-165\" data-elementor-post-type=\"page\">\n\t\t\t\t<div class=\"elementor-element elementor-element-6506c162 e-flex e-con-boxed e-con e-parent\" data-id=\"6506c162\" data-element_type=\"container\" data-e-type=\"container\" data-settings=\"{&quot;background_background&quot;:&quot;classic&quot;}\">\n\t\t\t\t\t<div class=\"e-con-inner\">\n\t\t<div class=\"elementor-element elementor-element-3b1c57e0 e-con-full e-flex e-con e-child\" data-id=\"3b1c57e0\" data-element_type=\"container\" data-e-type=\"container\">\n\t\t\t\t<div class=\"elementor-element elementor-element-5b72a616 elementor-invisible elementor-widget elementor-widget-heading\" data-id=\"5b72a616\" data-element_type=\"widget\" data-e-type=\"widget\" data-settings=\"{&quot;_animation&quot;:&quot;fadeInDown&quot;}\" data-widget_type=\"heading.default\">\n\t\t\t\t\t<h1 class=\"elementor-heading-title elementor-size-default\">NUESTRA ESENCIA<\/h1>\t\t\t\t<\/div>\n\t\t\t\t<div class=\"elementor-element elementor-element-1af407fb elementor-invisible elementor-widget elementor-widget-heading\" data-id=\"1af407fb\" data-element_type=\"widget\" data-e-type=\"widget\" data-settings=\"{&quot;_animation&quot;:&quot;fadeInLeft&quot;}\" data-widget_type=\"heading.default\">\n\t\t\t\t\t<h2 class=\"elementor-heading-title elementor-size-default\">Innovaci\u00f3n con Sentido Humano y Pedag\u00f3gico<\/h2>\t\t\t\t<\/div>\n\t\t<div class=\"elementor-element elementor-element-29f6f417 e-flex e-con-boxed e-con e-child\" data-id=\"29f6f417\" data-element_type=\"container\" data-e-type=\"container\">\n\t\t\t\t\t<div class=\"e-con-inner\">\n\t\t\t\t<div class=\"elementor-element elementor-element-529dfe73 elementor-widget__width-initial elementor-widget-divider--view-line elementor-invisible elementor-widget elementor-widget-divider\" data-id=\"529dfe73\" data-element_type=\"widget\" data-e-type=\"widget\" data-settings=\"{&quot;_animation&quot;:&quot;fadeInUp&quot;}\" data-widget_type=\"divider.default\">\n\t\t\t\t\t\t\t<div class=\"elementor-divider\">\n\t\t\t<span class=\"elementor-divider-separator\">\n\t\t\t\t\t\t<\/span>\n\t\t<\/div>\n\t\t\t\t\t\t<\/div>\n\t\t\t\t<div class=\"elementor-element elementor-element-7a9ea654 elementor-widget-mobile__width-initial elementor-invisible elementor-widget elementor-widget-text-editor\" data-id=\"7a9ea654\" data-element_type=\"widget\" data-e-type=\"widget\" data-settings=\"{&quot;_animation&quot;:&quot;fadeInRight&quot;}\" data-widget_type=\"text-editor.default\">\n\t\t\t\t\t\t\t\t\tNuestra misi\u00f3n es formar y acompa\u00f1ar a los l\u00edderes educativos del ma\u00f1ana, transformando la experiencia y los antecedentes de REHDD en oportunidades reales de \u00e9xito y crecimiento para el magisterio nacional\t\t\t\t\t\t\t\t<\/div>\n\t\t\t\t\t<\/div>\n\t\t\t\t<\/div>\n\t\t\t\t<\/div>\n\t\t\t\t\t<\/div>\n\t\t\t\t<\/div>\n\t\t<div class=\"elementor-element elementor-element-162019c e-flex e-con-boxed e-con e-parent\" data-id=\"162019c\" data-element_type=\"container\" data-e-type=\"container\">\n\t\t\t\t\t<div class=\"e-con-inner\">\n\t\t<div class=\"elementor-element elementor-element-9a6c56 e-con-full e-flex e-con e-child\" data-id=\"9a6c56\" data-element_type=\"container\" data-e-type=\"container\">\n\t\t\t\t<div class=\"elementor-element elementor-element-a9d0f40 elementor-widget elementor-widget-video\" data-id=\"a9d0f40\" data-element_type=\"widget\" data-e-type=\"widget\" data-settings=\"{&quot;video_type&quot;:&quot;hosted&quot;,&quot;autoplay&quot;:&quot;yes&quot;,&quot;play_on_mobile&quot;:&quot;yes&quot;,&quot;mute&quot;:&quot;yes&quot;,&quot;loop&quot;:&quot;yes&quot;,&quot;controls&quot;:&quot;yes&quot;}\" data-widget_type=\"video.default\">\n\t\t\t\t\t\t\t<div class=\"e-hosted-video elementor-wrapper elementor-open-inline\">\n\t\t\t\t\t<video class=\"elementor-video\" src=\"https:\/\/rehddconsultores.com\/site\/wp-content\/uploads\/2026\/04\/Logo_Azul_Rojo_Consul.mp4\" autoplay=\"\" loop=\"\" controls=\"\" muted=\"muted\" playsinline=\"\" controlsList=\"nodownload\"><\/video>\n\t\t\t\t<\/div>\n\t\t\t\t\t\t<\/div>\n\t\t\t\t<\/div>\n\t\t<div class=\"elementor-element elementor-element-2cdd37b1 e-con-full e-flex e-con e-child\" data-id=\"2cdd37b1\" data-element_type=\"container\" data-e-type=\"container\">\n\t\t\t\t<div class=\"elementor-element elementor-element-5fb126d1 elementor-invisible elementor-widget elementor-widget-elementskit-heading\" data-id=\"5fb126d1\" data-element_type=\"widget\" data-e-type=\"widget\" data-settings=\"{&quot;_animation&quot;:&quot;fadeInRight&quot;}\" data-widget_type=\"elementskit-heading.default\">\n\t\t\t\t\t<div class=\"ekit-wid-con\" ><div class=\"ekit-heading elementskit-section-title-wraper text_left   ekit_heading_tablet-   ekit_heading_mobile-\"><h2 class=\"ekit-heading--title elementskit-section-title \">Nuestra Evoluci\u00f3n y Legado Educativo<\/h2><h3 class=\"ekit-heading--subtitle elementskit-section-subtitle  \">\n\t\t\t\t\t\tConsolidando el \u00e9xito docente\n\t\t\t\t\t<\/h3><\/div><\/div>\t\t\t\t<\/div>\n\t\t\t\t<div class=\"elementor-element elementor-element-3285caeb elementor-widget elementor-widget-text-editor\" data-id=\"3285caeb\" data-element_type=\"widget\" data-e-type=\"widget\" data-widget_type=\"text-editor.default\">\n\t\t\t\t\t\t\t\t\t<p>REHDD Consultores no nace de la nada; surge de una profunda ra\u00edz de compromiso con el magisterio. Nuestros antecedentes se remontan a a\u00f1os de acompa\u00f1amiento directo en las aulas, donde identificamos la necesidad de una formaci\u00f3n que entendiera la realidad y el contexto del docente en M\u00e9xico<\/p><p>Tras evolucionar y consolidarnos como <b data-path-to-node=\"5,3,1,0\" data-index-in-node=\"39\">REHDD Universidades<\/b>, hoy damos un paso estrat\u00e9gico con esta divisi\u00f3n de Consultor\u00eda. Integramos toda nuestra experiencia institucional para ofrecer soluciones acad\u00e9micas, procesos de USICAMM y servicios de consultor\u00eda con el respaldo y la seriedad que solo una trayectoria real puede garantizar.<\/p>\t\t\t\t\t\t\t\t<\/div>\n\t\t\t\t<\/div>\n\t\t\t\t\t<\/div>\n\t\t\t\t<\/div>\n\t\t<div class=\"elementor-element elementor-element-71af2fb0 e-flex e-con-boxed e-con e-parent\" data-id=\"71af2fb0\" data-element_type=\"container\" data-e-type=\"container\">\n\t\t\t\t\t<div class=\"e-con-inner\">\n\t\t<div class=\"elementor-element elementor-element-3dfe20fb e-con-full e-flex e-con e-child\" data-id=\"3dfe20fb\" data-element_type=\"container\" data-e-type=\"container\">\n\t\t\t\t<div class=\"elementor-element elementor-element-5206db45 elementor-widget__width-initial elementor-widget elementor-widget-counter\" data-id=\"5206db45\" data-element_type=\"widget\" data-e-type=\"widget\" data-widget_type=\"counter.default\">\n\t\t\t\t\t\t\t<div class=\"elementor-counter\">\n\t\t\t\t\t\t<div class=\"elementor-counter-number-wrapper\">\n\t\t\t\t<span class=\"elementor-counter-number-prefix\">+<\/span>\n\t\t\t\t<span class=\"elementor-counter-number\" data-duration=\"2000\" data-to-value=\"12\" data-from-value=\"0\" data-delimiter=\",\">0<\/span>\n\t\t\t\t<span class=\"elementor-counter-number-suffix\"><\/span>\n\t\t\t<\/div>\n\t\t<\/div>\n\t\t\t\t\t\t<\/div>\n\t\t\t\t<div class=\"elementor-element elementor-element-2d84cd5e elementor-widget__width-initial elementor-widget elementor-widget-heading\" data-id=\"2d84cd5e\" data-element_type=\"widget\" data-e-type=\"widget\" data-widget_type=\"heading.default\">\n\t\t\t\t\t<h4 class=\"elementor-heading-title elementor-size-default\">A\u00f1os de Evoluci\u00f3n Educativa\n<\/h4>\t\t\t\t<\/div>\n\t\t\t\t<\/div>\n\t\t\t\t<div class=\"elementor-element elementor-element-13387212 elementor-widget__width-initial elementor-widget-mobile__width-inherit elementor-widget-divider--view-line elementor-widget elementor-widget-divider\" data-id=\"13387212\" data-element_type=\"widget\" data-e-type=\"widget\" data-widget_type=\"divider.default\">\n\t\t\t\t\t\t\t<div class=\"elementor-divider\">\n\t\t\t<span class=\"elementor-divider-separator\">\n\t\t\t\t\t\t<\/span>\n\t\t<\/div>\n\t\t\t\t\t\t<\/div>\n\t\t<div class=\"elementor-element elementor-element-6d0063eb e-con-full e-flex e-con e-child\" data-id=\"6d0063eb\" data-element_type=\"container\" data-e-type=\"container\">\n\t\t\t\t<div class=\"elementor-element elementor-element-6fc24af3 elementor-widget__width-initial elementor-widget elementor-widget-counter\" data-id=\"6fc24af3\" data-element_type=\"widget\" data-e-type=\"widget\" data-widget_type=\"counter.default\">\n\t\t\t\t\t\t\t<div class=\"elementor-counter\">\n\t\t\t\t\t\t<div class=\"elementor-counter-number-wrapper\">\n\t\t\t\t<span class=\"elementor-counter-number-prefix\"><\/span>\n\t\t\t\t<span class=\"elementor-counter-number\" data-duration=\"2000\" data-to-value=\"850\" data-from-value=\"0\" data-delimiter=\",\">0<\/span>\n\t\t\t\t<span class=\"elementor-counter-number-suffix\">+<\/span>\n\t\t\t<\/div>\n\t\t<\/div>\n\t\t\t\t\t\t<\/div>\n\t\t\t\t<div class=\"elementor-element elementor-element-4c702c17 elementor-widget__width-initial elementor-widget elementor-widget-heading\" data-id=\"4c702c17\" data-element_type=\"widget\" data-e-type=\"widget\" data-widget_type=\"heading.default\">\n\t\t\t\t\t<h4 class=\"elementor-heading-title elementor-size-default\">Maestros Formado y Asesorados<\/h4>\t\t\t\t<\/div>\n\t\t\t\t<\/div>\n\t\t\t\t<div class=\"elementor-element elementor-element-3021823 elementor-widget__width-initial elementor-widget-mobile__width-inherit elementor-widget-tablet__width-inherit elementor-widget-divider--view-line elementor-widget elementor-widget-divider\" data-id=\"3021823\" data-element_type=\"widget\" data-e-type=\"widget\" data-widget_type=\"divider.default\">\n\t\t\t\t\t\t\t<div class=\"elementor-divider\">\n\t\t\t<span class=\"elementor-divider-separator\">\n\t\t\t\t\t\t<\/span>\n\t\t<\/div>\n\t\t\t\t\t\t<\/div>\n\t\t<div class=\"elementor-element elementor-element-6852b666 e-con-full e-flex e-con e-child\" data-id=\"6852b666\" data-element_type=\"container\" data-e-type=\"container\">\n\t\t\t\t<div class=\"elementor-element elementor-element-771e09a3 elementor-widget__width-initial elementor-widget elementor-widget-counter\" data-id=\"771e09a3\" data-element_type=\"widget\" data-e-type=\"widget\" data-widget_type=\"counter.default\">\n\t\t\t\t\t\t\t<div class=\"elementor-counter\">\n\t\t\t\t\t\t<div class=\"elementor-counter-number-wrapper\">\n\t\t\t\t<span class=\"elementor-counter-number-prefix\"><\/span>\n\t\t\t\t<span class=\"elementor-counter-number\" data-duration=\"2000\" data-to-value=\"15\" data-from-value=\"0\" data-delimiter=\",\">0<\/span>\n\t\t\t\t<span class=\"elementor-counter-number-suffix\">+<\/span>\n\t\t\t<\/div>\n\t\t<\/div>\n\t\t\t\t\t\t<\/div>\n\t\t\t\t<div class=\"elementor-element elementor-element-3935bc95 elementor-widget__width-initial elementor-widget elementor-widget-heading\" data-id=\"3935bc95\" data-element_type=\"widget\" data-e-type=\"widget\" data-widget_type=\"heading.default\">\n\t\t\t\t\t<h4 class=\"elementor-heading-title elementor-size-default\">Programas de Formaci\u00f3n<\/h4>\t\t\t\t<\/div>\n\t\t\t\t<\/div>\n\t\t\t\t<div class=\"elementor-element elementor-element-523a79b7 elementor-widget__width-initial elementor-widget-mobile__width-inherit elementor-widget-divider--view-line elementor-widget elementor-widget-divider\" data-id=\"523a79b7\" data-element_type=\"widget\" data-e-type=\"widget\" data-widget_type=\"divider.default\">\n\t\t\t\t\t\t\t<div class=\"elementor-divider\">\n\t\t\t<span class=\"elementor-divider-separator\">\n\t\t\t\t\t\t<\/span>\n\t\t<\/div>\n\t\t\t\t\t\t<\/div>\n\t\t<div class=\"elementor-element elementor-element-3fd64f23 e-con-full e-flex e-con e-child\" data-id=\"3fd64f23\" data-element_type=\"container\" data-e-type=\"container\">\n\t\t\t\t<div class=\"elementor-element elementor-element-7767af3f elementor-widget__width-initial elementor-widget elementor-widget-counter\" data-id=\"7767af3f\" data-element_type=\"widget\" data-e-type=\"widget\" data-widget_type=\"counter.default\">\n\t\t\t\t\t\t\t<div class=\"elementor-counter\">\n\t\t\t\t\t\t<div class=\"elementor-counter-number-wrapper\">\n\t\t\t\t<span class=\"elementor-counter-number-prefix\"><\/span>\n\t\t\t\t<span class=\"elementor-counter-number\" data-duration=\"2000\" data-to-value=\"95\" data-from-value=\"0\" data-delimiter=\",\">0<\/span>\n\t\t\t\t<span class=\"elementor-counter-number-suffix\">%<\/span>\n\t\t\t<\/div>\n\t\t<\/div>\n\t\t\t\t\t\t<\/div>\n\t\t\t\t<div class=\"elementor-element elementor-element-630bdb00 elementor-widget__width-initial elementor-widget elementor-widget-heading\" data-id=\"630bdb00\" data-element_type=\"widget\" data-e-type=\"widget\" data-widget_type=\"heading.default\">\n\t\t\t\t\t<h4 class=\"elementor-heading-title elementor-size-default\">Casos de \u00c9xito en Procesos<\/h4>\t\t\t\t<\/div>\n\t\t\t\t<\/div>\n\t\t\t\t\t<\/div>\n\t\t\t\t<\/div>\n\t\t<div class=\"elementor-element elementor-element-30ab1578 e-flex e-con-boxed elementor-invisible e-con e-parent\" data-id=\"30ab1578\" data-element_type=\"container\" data-e-type=\"container\" data-settings=\"{&quot;background_background&quot;:&quot;classic&quot;,&quot;animation&quot;:&quot;fadeInLeft&quot;,&quot;animation_mobile&quot;:&quot;fadeInUp&quot;}\">\n\t\t\t\t\t<div class=\"e-con-inner\">\n\t\t<div class=\"elementor-element elementor-element-75623c10 e-con-full e-flex e-con e-child\" data-id=\"75623c10\" data-element_type=\"container\" data-e-type=\"container\">\n\t\t\t\t<div class=\"elementor-element elementor-element-758122fe elementor-widget elementor-widget-heading\" data-id=\"758122fe\" data-element_type=\"widget\" data-e-type=\"widget\" data-widget_type=\"heading.default\">\n\t\t\t\t\t<h3 class=\"elementor-heading-title elementor-size-default\">Misi\u00f3n Institucional<\/h3>\t\t\t\t<\/div>\n\t\t\t\t<div class=\"elementor-element elementor-element-2032a0a8 elementor-widget elementor-widget-text-editor\" data-id=\"2032a0a8\" data-element_type=\"widget\" data-e-type=\"widget\" data-widget_type=\"text-editor.default\">\n\t\t\t\t\t\t\t\t\tAcompa\u00f1ar y fortalecer la pr\u00e1ctica pedag\u00f3gica del magisterio mexicano a trav\u00e9s de servicios de consultor\u00eda y formaci\u00f3n de excelencia. Nuestra misi\u00f3n es dotar al docente de las herramientas necesarias para enfrentar con \u00e9xito los retos del sistema educativo nacional, garantizando un impacto positivo en sus comunidades\t\t\t\t\t\t\t\t<\/div>\n\t\t\t\t<\/div>\n\t\t<div class=\"elementor-element elementor-element-2ffe4598 e-con-full e-flex elementor-invisible e-con e-child\" data-id=\"2ffe4598\" data-element_type=\"container\" data-e-type=\"container\" data-settings=\"{&quot;background_background&quot;:&quot;classic&quot;,&quot;animation&quot;:&quot;fadeInRight&quot;,&quot;animation_mobile&quot;:&quot;none&quot;,&quot;animation_delay&quot;:720}\">\n\t\t\t\t<div class=\"elementor-element elementor-element-43f3a0ca elementor-widget elementor-widget-heading\" data-id=\"43f3a0ca\" data-element_type=\"widget\" data-e-type=\"widget\" data-widget_type=\"heading.default\">\n\t\t\t\t\t<h3 class=\"elementor-heading-title elementor-size-default\">Visi\u00f3n de Futuro<\/h3>\t\t\t\t<\/div>\n\t\t\t\t<div class=\"elementor-element elementor-element-1ac87e29 elementor-widget elementor-widget-text-editor\" data-id=\"1ac87e29\" data-element_type=\"widget\" data-e-type=\"widget\" data-widget_type=\"text-editor.default\">\n\t\t\t\t\t\t\t\t\tConsolidarnos como la firma de consultor\u00eda educativa l\u00edder en el sureste mexicano, reconocida por su integridad, compromiso y resultados. \t\t\t\t\t\t\t\t<\/div>\n\t\t\t\t<\/div>\n\t\t<div class=\"elementor-element elementor-element-4fdc413f e-con-full e-flex elementor-invisible e-con e-child\" data-id=\"4fdc413f\" data-element_type=\"container\" data-e-type=\"container\" data-settings=\"{&quot;background_background&quot;:&quot;classic&quot;,&quot;animation&quot;:&quot;fadeInRight&quot;,&quot;animation_mobile&quot;:&quot;none&quot;,&quot;animation_delay&quot;:960}\">\n\t\t\t\t<div class=\"elementor-element elementor-element-2e834b6 elementor-widget elementor-widget-heading\" data-id=\"2e834b6\" data-element_type=\"widget\" data-e-type=\"widget\" data-widget_type=\"heading.default\">\n\t\t\t\t\t<h3 class=\"elementor-heading-title elementor-size-default\">Valores REHDD<\/h3>\t\t\t\t<\/div>\n\t\t\t\t<div class=\"elementor-element elementor-element-23cd9bbc elementor-widget elementor-widget-text-editor\" data-id=\"23cd9bbc\" data-element_type=\"widget\" data-e-type=\"widget\" data-widget_type=\"text-editor.default\">\n\t\t\t\t\t\t\t\t\tNuestra labor se rige por la \u00e9tica, el compromiso social y la excelencia acad\u00e9mica. Creemos en una educaci\u00f3n con identidad regional.\t\t\t\t\t\t\t\t<\/div>\n\t\t\t\t<\/div>\n\t\t\t\t\t<\/div>\n\t\t\t\t<\/div>\n\t\t<div class=\"elementor-element elementor-element-2f78e7d7 e-flex e-con-boxed e-con e-parent\" data-id=\"2f78e7d7\" data-element_type=\"container\" data-e-type=\"container\">\n\t\t\t\t\t<div class=\"e-con-inner\">\n\t\t<div class=\"elementor-element elementor-element-3aaf55e e-con-full e-flex e-con e-child\" data-id=\"3aaf55e\" data-element_type=\"container\" data-e-type=\"container\">\n\t\t\t\t<div class=\"elementor-element elementor-element-5d7049ce elementor-invisible elementor-widget elementor-widget-heading\" data-id=\"5d7049ce\" data-element_type=\"widget\" data-e-type=\"widget\" data-settings=\"{&quot;_animation&quot;:&quot;fadeInUp&quot;}\" data-widget_type=\"heading.default\">\n\t\t\t\t\t<h2 class=\"elementor-heading-title elementor-size-default\">La excelencia educativa comienza con tu formaci\u00f3n profesional.<\/h2>\t\t\t\t<\/div>\n\t\t\t\t<div class=\"elementor-element elementor-element-55ef3631 elementor-invisible elementor-widget elementor-widget-text-editor\" data-id=\"55ef3631\" data-element_type=\"widget\" data-e-type=\"widget\" data-settings=\"{&quot;_animation&quot;:&quot;fadeInUp&quot;}\" data-widget_type=\"text-editor.default\">\n\t\t\t\t\t\t\t\t\tEn REHDD Consultores creemos que el magisterio es el pilar de la transformaci\u00f3n social. Nuestra labor es brindarte las herramientas y el respaldo t\u00e9cnico necesarios para que tu vocaci\u00f3n se traduzca en resultados medibles y \u00e9xito profesional.\t\t\t\t\t\t\t\t<\/div>\n\t\t\t\t<div class=\"elementor-element elementor-element-262183eb elementor-mobile-position-inline-start elementor-widget-mobile__width-inherit elementor-position-inline-start elementor-view-stacked elementor-shape-circle elementor-invisible elementor-widget elementor-widget-icon-box\" data-id=\"262183eb\" data-element_type=\"widget\" data-e-type=\"widget\" data-settings=\"{&quot;_animation&quot;:&quot;fadeInLeft&quot;}\" data-widget_type=\"icon-box.default\">\n\t\t\t\t\t\t\t<div class=\"elementor-icon-box-wrapper\">\n\n\t\t\t\t\t\t<div class=\"elementor-icon-box-icon\">\n\t\t\t\t<span  class=\"elementor-icon\">\n\t\t\t\t<i aria-hidden=\"true\" class=\"icon icon-graduation-hat\"><\/i>\t\t\t\t<\/span>\n\t\t\t<\/div>\n\t\t\t\n\t\t\t\t\t\t<div class=\"elementor-icon-box-content\">\n\n\t\t\t\t\t\t\t\t\t<div class=\"elementor-icon-box-title\">\n\t\t\t\t\t\t<span  >\n\t\t\t\t\t\t\tCertificaci\u00f3n con Respaldo\t\t\t\t\t\t<\/span>\n\t\t\t\t\t<\/div>\n\t\t\t\t\n\t\t\t\t\t\t\t\t\t<p class=\"elementor-icon-box-description\">\n\t\t\t\t\t\tObt\u00e9n constancias y acreditaciones con validez curricular, respaldadas por la trayectoria institucional de REHDD Universidades.\t\t\t\t\t<\/p>\n\t\t\t\t\n\t\t\t<\/div>\n\t\t\t\n\t\t<\/div>\n\t\t\t\t\t\t<\/div>\n\t\t\t\t<div class=\"elementor-element elementor-element-54f57b74 elementor-widget-divider--view-line elementor-widget elementor-widget-divider\" data-id=\"54f57b74\" data-element_type=\"widget\" data-e-type=\"widget\" data-widget_type=\"divider.default\">\n\t\t\t\t\t\t\t<div class=\"elementor-divider\">\n\t\t\t<span class=\"elementor-divider-separator\">\n\t\t\t\t\t\t<\/span>\n\t\t<\/div>\n\t\t\t\t\t\t<\/div>\n\t\t\t\t<div class=\"elementor-element elementor-element-7f34762d elementor-mobile-position-inline-start elementor-widget-mobile__width-inherit elementor-position-inline-start elementor-view-stacked elementor-shape-circle elementor-invisible elementor-widget elementor-widget-icon-box\" data-id=\"7f34762d\" data-element_type=\"widget\" data-e-type=\"widget\" data-settings=\"{&quot;_animation&quot;:&quot;fadeInLeft&quot;}\" data-widget_type=\"icon-box.default\">\n\t\t\t\t\t\t\t<div class=\"elementor-icon-box-wrapper\">\n\n\t\t\t\t\t\t<div class=\"elementor-icon-box-icon\">\n\t\t\t\t<span  class=\"elementor-icon\">\n\t\t\t\t<i aria-hidden=\"true\" class=\"icon icon-team-1\"><\/i>\t\t\t\t<\/span>\n\t\t\t<\/div>\n\t\t\t\n\t\t\t\t\t\t<div class=\"elementor-icon-box-content\">\n\n\t\t\t\t\t\t\t\t\t<div class=\"elementor-icon-box-title\">\n\t\t\t\t\t\t<span  >\n\t\t\t\t\t\t\tRed de Colaboraci\u00f3n\t\t\t\t\t\t<\/span>\n\t\t\t\t\t<\/div>\n\t\t\t\t\n\t\t\t\t\t\t\t\t\t<p class=\"elementor-icon-box-description\">\n\t\t\t\t\t\tForma parte de una comunidad exclusiva de docentes y directivos que comparten mejores pr\u00e1cticas y estrategias de \u00e9xito en el sureste mexicano.\t\t\t\t\t<\/p>\n\t\t\t\t\n\t\t\t<\/div>\n\t\t\t\n\t\t<\/div>\n\t\t\t\t\t\t<\/div>\n\t\t\t\t<\/div>\n\t\t<div class=\"elementor-element elementor-element-6f04f8b9 e-con-full e-flex e-con e-child\" data-id=\"6f04f8b9\" data-element_type=\"container\" data-e-type=\"container\">\n\t\t\t\t<div class=\"elementor-element elementor-element-5c1ae46e elementor-invisible elementor-widget elementor-widget-image\" data-id=\"5c1ae46e\" data-element_type=\"widget\" data-e-type=\"widget\" data-settings=\"{&quot;_animation&quot;:&quot;fadeInRight&quot;}\" data-widget_type=\"image.default\">\n\t\t\t\t\t\t\t\t\t\t\t\t\t\t\t<img fetchpriority=\"high\" decoding=\"async\" width=\"1280\" height=\"853\" src=\"https:\/\/rehddconsultores.com\/site\/wp-content\/uploads\/2026\/04\/00778.png\" class=\"attachment-full size-full wp-image-252\" alt=\"\" srcset=\"https:\/\/rehddconsultores.com\/site\/wp-content\/uploads\/2026\/04\/00778.png 1280w, https:\/\/rehddconsultores.com\/site\/wp-content\/uploads\/2026\/04\/00778-300x200.png 300w, https:\/\/rehddconsultores.com\/site\/wp-content\/uploads\/2026\/04\/00778-1024x682.png 1024w, https:\/\/rehddconsultores.com\/site\/wp-content\/uploads\/2026\/04\/00778-768x512.png 768w\" sizes=\"(max-width: 1280px) 100vw, 1280px\" \/>\t\t\t\t\t\t\t\t\t\t\t\t\t\t\t<\/div>\n\t\t\t\t<div class=\"elementor-element elementor-element-70b2536b elementor-widget__width-initial elementor-absolute elementor-invisible elementor-widget elementor-widget-text-editor\" data-id=\"70b2536b\" data-element_type=\"widget\" data-e-type=\"widget\" data-settings=\"{&quot;_position&quot;:&quot;absolute&quot;,&quot;_animation&quot;:&quot;fadeInUp&quot;}\" data-widget_type=\"text-editor.default\">\n\t\t\t\t\t\t\t\t\t\u00abLa consultor\u00eda es el puente donde tu experiencia docente se encuentra con la actualizaci\u00f3n y el \u00e9xito profesional\u00bb\t\t\t\t\t\t\t\t<\/div>\n\t\t\t\t<\/div>\n\t\t\t\t\t<\/div>\n\t\t\t\t<\/div>\n\t\t<div class=\"elementor-element elementor-element-13db7f7 e-flex e-con-boxed e-con e-parent\" data-id=\"13db7f7\" data-element_type=\"container\" data-e-type=\"container\">\n\t\t\t\t\t<div class=\"e-con-inner\">\n\t\t\t\t<div class=\"elementor-element elementor-element-6f9e766 elementor-widget elementor-widget-spacer\" data-id=\"6f9e766\" data-element_type=\"widget\" data-e-type=\"widget\" data-widget_type=\"spacer.default\">\n\t\t\t\t\t\t\t<div class=\"elementor-spacer\">\n\t\t\t<div class=\"elementor-spacer-inner\"><\/div>\n\t\t<\/div>\n\t\t\t\t\t\t<\/div>\n\t\t\t\t\t<\/div>\n\t\t\t\t<\/div>\n\t\t\t\t<\/div>\n\t\t","protected":false},"excerpt":{"rendered":"<p>NUESTRA ESENCIA Innovaci\u00f3n con Sentido Humano y Pedag\u00f3gico Nuestra misi\u00f3n es formar y acompa\u00f1ar a los l\u00edderes educativos del ma\u00f1ana, transformando la experiencia y los antecedentes de REHDD en oportunidades reales de \u00e9xito y crecimiento para el magisterio nacionalhttps:\/\/rehddconsultores.com\/site\/wp-content\/uploads\/2026\/04\/Logo_Azul_Rojo_Consul.mp4 Nuestra Evoluci\u00f3n y Legado Educativo Consolidando el \u00e9xito docente REHDD Consultores no nace de la nada; [&hellip;]<\/p>\n","protected":false},"author":1,"featured_media":0,"parent":0,"menu_order":0,"comment_status":"closed","ping_status":"closed","template":"elementor_header_footer","meta":{"footnotes":""},"class_list":["post-165","page","type-page","status-publish","hentry"],"_links":{"self":[{"href":"https:\/\/rehddconsultores.com\/site\/wp-json\/wp\/v2\/pages\/165","targetHints":{"allow":["GET"]}}],"collection":[{"href":"https:\/\/rehddconsultores.com\/site\/wp-json\/wp\/v2\/pages"}],"about":[{"href":"https:\/\/rehddconsultores.com\/site\/wp-json\/wp\/v2\/types\/page"}],"author":[{"embeddable":true,"href":"https:\/\/rehddconsultores.com\/site\/wp-json\/wp\/v2\/users\/1"}],"replies":[{"embeddable":true,"href":"https:\/\/rehddconsultores.com\/site\/wp-json\/wp\/v2\/comments?post=165"}],"version-history":[{"count":22,"href":"https:\/\/rehddconsultores.com\/site\/wp-json\/wp\/v2\/pages\/165\/revisions"}],"predecessor-version":[{"id":255,"href":"https:\/\/rehddconsultores.com\/site\/wp-json\/wp\/v2\/pages\/165\/revisions\/255"}],"wp:attachment":[{"href":"https:\/\/rehddconsultores.com\/site\/wp-json\/wp\/v2\/media?parent=165"}],"curies":[{"name":"wp","href":"https:\/\/api.w.org\/{rel}","templated":true}]}}